{"id":598,"date":"2010-11-09T12:03:26","date_gmt":"2010-11-09T10:03:26","guid":{"rendered":"http:\/\/blog.cipworx.org\/martin\/"},"modified":"2013-08-05T22:35:11","modified_gmt":"2013-08-05T20:35:11","slug":"skills","status":"publish","type":"page","link":"https:\/\/blog.cipworx.org\/laserman\/skills\/","title":{"rendered":"skills"},"content":{"rendered":"<p><strong>***** 2007 *****<\/strong><br \/>\n<strong>Juni<\/strong><br \/>\nerstes Modellflugzeug: EasyStar, erster Koax Heli: Walkera HM 5#4 &#8220;Lama&#8221;<\/p>\n<p><strong>Juli<\/strong><br \/>\nerstes Querrruderflugzeug: art-tech GeeBee(Juli 2007 bis Juli 2008)<\/p>\n<p><strong>Oktober<\/strong><br \/>\nerster single Rotor Fixed Pitch Heli: Walkera DF4. 2S 640mAh<\/p>\n<p><strong>***** 2008 *****<\/strong><br \/>\n<strong>April<\/strong><br \/>\nIkarus Piccolo V2<\/p>\n<p><strong>Juni<\/strong><br \/>\n2m GFK Hotliner<\/p>\n<p><strong>August<\/strong><br \/>\n100g, 50cm Impeller Jet: H\u00f6llein Alpha Jet Micro<\/p>\n<p><strong>Oktober<\/strong><br \/>\nmein erster CP(CCPM) Heli: E-Flite Blade 400 3D<\/p>\n<p><strong>Dezember<\/strong><br \/>\nNasenschweben (Blade400)<\/p>\n<p><strong>***** 2009 *****<\/strong><br \/>\n<strong>Mai<\/strong><br \/>\nerster Looping (Blade400)<\/p>\n<p><strong>Juni<\/strong><br \/>\nerste Rolle (Blade400)<\/p>\n<p><strong>September<\/strong><br \/>\nR\u00fcckw\u00e4rts-Kreis<\/p>\n<p><strong>Oktober<\/strong><br \/>\nmein zweiter CP(CCPM) Heli: Align T-Rex 250<\/p>\n<p><strong>Dezember<\/strong><br \/>\nforward(nose down) flip<\/p>\n<p><strong>***** 2010 *****<\/strong><br \/>\n<strong>Februar<\/strong><br \/>\nCopter X 450 AE v2<\/p>\n<p><strong>April<\/strong><br \/>\n2-Zeiten-Rolle<\/p>\n<p><strong>Juni<\/strong><br \/>\nR\u00fccken-Heckschweben, Seiten-tic-toc<\/p>\n<p><strong>Juli<\/strong><br \/>\nR\u00fcckw\u00e4rts-Looping<\/p>\n<p><strong>August<\/strong><br \/>\n8-fach Backflip, Rolle linksherum<\/p>\n<p><strong>September<\/strong><br \/>\nPylonen ber\u00fchren, Flaschen umwerfen (Geschicklichkeitswettbewerb), drag start<\/p>\n<p><strong>Oktober<\/strong><br \/>\nR\u00fccken-Nasenschweben, R\u00fccken-Seitenschweben, Rainbows vorw\u00e4rts,<br \/>\nSturzflug-Rolle<\/p>\n<p><strong>November<\/strong><br \/>\nR\u00fcckenflug Vollkreis<\/p>\n<p><strong>***** 2011 *****<\/strong><br \/>\n<strong>M\u00e4rz<\/strong><br \/>\nlangsame Tic-Tocs (Heck nach unten),<br \/>\nlangsamer Piroflip (eine Pirouette pro Flip),<br \/>\nHalber Au??en-Looping<\/p>\n<p><strong>April<\/strong><br \/>\nkubanische Acht<br \/>\nR\u00fccken-Pirouette rechts &#8216;rum<br \/>\nBackflip, 15-fach<br \/>\nAutorotation<\/p>\n<p><strong>Mai<\/strong><br \/>\nR\u00fccken-Piro, -Kreis, -Rechteck,  links &#8216;rum<\/p>\n<p><strong>Juni<\/strong><br \/>\nKreise mit halber Rolle<br \/>\nSturzflug-Rolle mit Heck nach unten<br \/>\nSturzflug-Rolle in Messerfluglage<\/p>\n<p><strong>Juli<\/strong><br \/>\nR\u00fccken-R\u00fcckw\u00e4rtskreis<br \/>\n250er: Motor off, Blade Stop, Motor on<\/p>\n<p><strong>August<\/strong><br \/>\nmcpx: inverted limbo, ca. 1m<\/p>\n<p><strong>September<\/strong><br \/>\nR\u00fcckenflug-Acht<br \/>\n2s Messerflug<br \/>\nAu??en-Looping<br \/>\nVier-viertel Flip<\/p>\n<p><strong>Oktober<\/strong><br \/>\nR\u00fcckenflug-R\u00fcckw\u00e4rts-Acht<br \/>\nKreis mit 4 Rollen<br \/>\nmcpx: R\u00fcckenflug-Funnel<\/p>\n<p><strong>***** 2012 *****<\/strong><br \/>\nPiro-Kreis<br \/>\nPiro-8<br \/>\nFunnel-8<br \/>\nSquare of rainbows<br \/>\nSnake-8<br \/>\nPiroflip (2 Pirouetten pro Flip)<\/p>\n<p><strong>***** 2013 *****<\/strong><br \/>\nR\u00fccken-Piro-Kreis<br \/>\nPiroflip rechtsdrehend<br \/>\nPiroflip nose up<br \/>\nVertical roll<\/p>\n","protected":false},"excerpt":{"rendered":"<p>***** 2007 ***** Juni erstes Modellflugzeug: EasyStar, erster Koax Heli: Walkera HM 5#4 &#8220;Lama&#8221; Juli erstes Querrruderflugzeug: art-tech GeeBee(Juli 2007 bis Juli 2008) Oktober erster single Rotor Fixed Pitch Heli: Walkera DF4. 2S 640mAh ***** 2008 ***** April Ikarus Piccolo V2 Juni 2m GFK Hotliner August 100g, 50cm Impeller Jet: H\u00f6llein Alpha Jet Micro Oktober [&hellip;]<\/p>\n","protected":false},"author":2,"featured_media":0,"parent":0,"menu_order":0,"comment_status":"open","ping_status":"closed","template":"","meta":{"footnotes":""},"class_list":["post-598","page","type-page","status-publish","hentry"],"_links":{"self":[{"href":"https:\/\/blog.cipworx.org\/laserman\/wp-json\/wp\/v2\/pages\/598","targetHints":{"allow":["GET"]}}],"collection":[{"href":"https:\/\/blog.cipworx.org\/laserman\/wp-json\/wp\/v2\/pages"}],"about":[{"href":"https:\/\/blog.cipworx.org\/laserman\/wp-json\/wp\/v2\/types\/page"}],"author":[{"embeddable":true,"href":"https:\/\/blog.cipworx.org\/laserman\/wp-json\/wp\/v2\/users\/2"}],"replies":[{"embeddable":true,"href":"https:\/\/blog.cipworx.org\/laserman\/wp-json\/wp\/v2\/comments?post=598"}],"version-history":[{"count":22,"href":"https:\/\/blog.cipworx.org\/laserman\/wp-json\/wp\/v2\/pages\/598\/revisions"}],"predecessor-version":[{"id":693,"href":"https:\/\/blog.cipworx.org\/laserman\/wp-json\/wp\/v2\/pages\/598\/revisions\/693"}],"wp:attachment":[{"href":"https:\/\/blog.cipworx.org\/laserman\/wp-json\/wp\/v2\/media?parent=598"}],"curies":[{"name":"wp","href":"https:\/\/api.w.org\/{rel}","templated":true}]}}